{"id":2544,"date":"2024-12-15T06:19:54","date_gmt":"2024-12-15T06:19:54","guid":{"rendered":"https:\/\/quzu.az\/?post_type=product&#038;p=2544"},"modified":"2024-12-15T06:30:28","modified_gmt":"2024-12-15T06:30:28","slug":"tik%c9%99-kabab-copy","status":"publish","type":"product","link":"https:\/\/quzu.az\/az\/product-az\/tik%c9%99-kabab-copy\/","title":{"rendered":"Hindu\u015fka Kabab\u0131"},"content":{"rendered":"","protected":false},"excerpt":{"rendered":"<ul>\n<li>K\u0259bab\u0131n n\u00f6v\u00fc: Hindu\u015fka<\/li>\n<li>Porsion: 2\u0259d<\/li>\n<\/ul>\n","protected":false},"featured_media":2559,"template":"","meta":{"_relevanssi_hide_post":"","_relevanssi_hide_content":"","_relevanssi_pin_for_all":"","_relevanssi_pin_keywords":"","_relevanssi_unpin_keywords":"","_relevanssi_related_keywords":"","_relevanssi_related_include_ids":"","_relevanssi_related_exclude_ids":"","_relevanssi_related_no_append":"","_relevanssi_related_not_related":"","_relevanssi_related_posts":"","_relevanssi_noindex_reason":""},"product_cat":[121],"product_tag":[],"class_list":{"0":"post-2544","1":"product","2":"type-product","3":"status-publish","4":"has-post-thumbnail","6":"product_cat-kabab","8":"first","9":"instock","10":"shipping-taxable","11":"purchasable","12":"product-type-simple"},"_links":{"self":[{"href":"https:\/\/quzu.az\/az\/wp-json\/wp\/v2\/product\/2544","targetHints":{"allow":["GET"]}}],"collection":[{"href":"https:\/\/quzu.az\/az\/wp-json\/wp\/v2\/product"}],"about":[{"href":"https:\/\/quzu.az\/az\/wp-json\/wp\/v2\/types\/product"}],"version-history":[{"count":2,"href":"https:\/\/quzu.az\/az\/wp-json\/wp\/v2\/product\/2544\/revisions"}],"predecessor-version":[{"id":2555,"href":"https:\/\/quzu.az\/az\/wp-json\/wp\/v2\/product\/2544\/revisions\/2555"}],"wp:featuredmedia":[{"embeddable":true,"href":"https:\/\/quzu.az\/az\/wp-json\/wp\/v2\/media\/2559"}],"wp:attachment":[{"href":"https:\/\/quzu.az\/az\/wp-json\/wp\/v2\/media?parent=2544"}],"wp:term":[{"taxonomy":"product_cat","embeddable":true,"href":"https:\/\/quzu.az\/az\/wp-json\/wp\/v2\/product_cat?post=2544"},{"taxonomy":"product_tag","embeddable":true,"href":"https:\/\/quzu.az\/az\/wp-json\/wp\/v2\/product_tag?post=2544"}],"curies":[{"name":"wp","href":"https:\/\/api.w.org\/{rel}","templated":true}]}}