{"id":1688,"date":"2024-04-12T01:54:50","date_gmt":"2024-04-12T01:54:50","guid":{"rendered":"https:\/\/quzu.local\/product\/lemonad\/"},"modified":"2024-04-12T01:54:50","modified_gmt":"2024-04-12T01:54:50","slug":"lemonad","status":"publish","type":"product","link":"https:\/\/quzu.az\/az\/product-az\/lemonad\/","title":{"rendered":"Lemonad"},"content":{"rendered":"","protected":false},"excerpt":{"rendered":"<ul>\n<li>Qabla\u015fd\u0131rma: \u015e\u00fc\u015f\u0259 qab<\/li>\n<li>\u00c7\u0259ki: 0.5ml<\/li>\n<\/ul>\n","protected":false},"featured_media":433,"template":"","meta":{"_relevanssi_hide_post":"","_relevanssi_hide_content":"","_relevanssi_pin_for_all":"","_relevanssi_pin_keywords":"","_relevanssi_unpin_keywords":"","_relevanssi_related_keywords":"","_relevanssi_related_include_ids":"","_relevanssi_related_exclude_ids":"","_relevanssi_related_no_append":"","_relevanssi_related_not_related":"","_relevanssi_related_posts":"","_relevanssi_noindex_reason":""},"product_cat":[129],"product_tag":[],"class_list":{"0":"post-1688","1":"product","2":"type-product","3":"status-publish","4":"has-post-thumbnail","6":"product_cat-alkoqolsuz-ickiler","8":"first","9":"instock","10":"shipping-taxable","11":"purchasable","12":"product-type-simple"},"_links":{"self":[{"href":"https:\/\/quzu.az\/az\/wp-json\/wp\/v2\/product\/1688","targetHints":{"allow":["GET"]}}],"collection":[{"href":"https:\/\/quzu.az\/az\/wp-json\/wp\/v2\/product"}],"about":[{"href":"https:\/\/quzu.az\/az\/wp-json\/wp\/v2\/types\/product"}],"version-history":[{"count":0,"href":"https:\/\/quzu.az\/az\/wp-json\/wp\/v2\/product\/1688\/revisions"}],"wp:featuredmedia":[{"embeddable":true,"href":"https:\/\/quzu.az\/az\/wp-json\/wp\/v2\/media\/433"}],"wp:attachment":[{"href":"https:\/\/quzu.az\/az\/wp-json\/wp\/v2\/media?parent=1688"}],"wp:term":[{"taxonomy":"product_cat","embeddable":true,"href":"https:\/\/quzu.az\/az\/wp-json\/wp\/v2\/product_cat?post=1688"},{"taxonomy":"product_tag","embeddable":true,"href":"https:\/\/quzu.az\/az\/wp-json\/wp\/v2\/product_tag?post=1688"}],"curies":[{"name":"wp","href":"https:\/\/api.w.org\/{rel}","templated":true}]}}