{"id":1578,"date":"2024-04-12T01:57:34","date_gmt":"2024-04-12T01:57:34","guid":{"rendered":"https:\/\/quzu.local\/product\/qizardilmis-x%c9%99nq%c9%99l\/"},"modified":"2024-04-12T01:57:34","modified_gmt":"2024-04-12T01:57:34","slug":"qizardilmis-x%c9%99nq%c9%99l","status":"publish","type":"product","link":"https:\/\/quzu.az\/az\/product-az\/qizardilmis-x%c9%99nq%c9%99l\/","title":{"rendered":"Q\u0131zard\u0131lm\u0131\u015f x\u0259nq\u0259l"},"content":{"rendered":"","protected":false},"excerpt":{"rendered":"<ul>\n<li>Porsiya: 1\u0259d, 6\u0259d<\/li>\n<\/ul>\n","protected":false},"featured_media":882,"template":"","meta":{"_relevanssi_hide_post":"","_relevanssi_hide_content":"","_relevanssi_pin_for_all":"","_relevanssi_pin_keywords":"","_relevanssi_unpin_keywords":"","_relevanssi_related_keywords":"","_relevanssi_related_include_ids":"","_relevanssi_related_exclude_ids":"","_relevanssi_related_no_append":"","_relevanssi_related_not_related":"","_relevanssi_related_posts":"","_relevanssi_noindex_reason":""},"product_cat":[130],"product_tag":[],"class_list":{"0":"post-1578","1":"product","2":"type-product","3":"status-publish","4":"has-post-thumbnail","6":"product_cat-xemir-xorekleri","8":"first","9":"instock","10":"shipping-taxable","11":"purchasable","12":"product-type-variable"},"_links":{"self":[{"href":"https:\/\/quzu.az\/az\/wp-json\/wp\/v2\/product\/1578","targetHints":{"allow":["GET"]}}],"collection":[{"href":"https:\/\/quzu.az\/az\/wp-json\/wp\/v2\/product"}],"about":[{"href":"https:\/\/quzu.az\/az\/wp-json\/wp\/v2\/types\/product"}],"version-history":[{"count":0,"href":"https:\/\/quzu.az\/az\/wp-json\/wp\/v2\/product\/1578\/revisions"}],"wp:featuredmedia":[{"embeddable":true,"href":"https:\/\/quzu.az\/az\/wp-json\/wp\/v2\/media\/882"}],"wp:attachment":[{"href":"https:\/\/quzu.az\/az\/wp-json\/wp\/v2\/media?parent=1578"}],"wp:term":[{"taxonomy":"product_cat","embeddable":true,"href":"https:\/\/quzu.az\/az\/wp-json\/wp\/v2\/product_cat?post=1578"},{"taxonomy":"product_tag","embeddable":true,"href":"https:\/\/quzu.az\/az\/wp-json\/wp\/v2\/product_tag?post=1578"}],"curies":[{"name":"wp","href":"https:\/\/api.w.org\/{rel}","templated":true}]}}