{"id":1467,"date":"2024-04-12T01:58:21","date_gmt":"2024-04-12T01:58:21","guid":{"rendered":"https:\/\/quzu.local\/product\/cop-sis\/"},"modified":"2024-04-15T17:33:23","modified_gmt":"2024-04-15T17:33:23","slug":"cop-sis","status":"publish","type":"product","link":"https:\/\/quzu.az\/az\/product-az\/cop-sis\/","title":{"rendered":"\u00c7\u00f6p \u015fi\u015f"},"content":{"rendered":"","protected":false},"excerpt":{"rendered":"<ul>\n<li>Kabab n\u00f6v\u00fc: Quzu<\/li>\n<li>\u00c7\u0259ki: 180qr<\/li>\n<\/ul>\n","protected":false},"featured_media":988,"template":"","meta":{"_relevanssi_hide_post":"","_relevanssi_hide_content":"","_relevanssi_pin_for_all":"","_relevanssi_pin_keywords":"","_relevanssi_unpin_keywords":"","_relevanssi_related_keywords":"","_relevanssi_related_include_ids":"","_relevanssi_related_exclude_ids":"","_relevanssi_related_no_append":"","_relevanssi_related_not_related":"","_relevanssi_related_posts":"","_relevanssi_noindex_reason":""},"product_cat":[121],"product_tag":[],"class_list":{"0":"post-1467","1":"product","2":"type-product","3":"status-publish","4":"has-post-thumbnail","6":"product_cat-kabab","8":"first","9":"instock","10":"shipping-taxable","11":"purchasable","12":"product-type-simple"},"_links":{"self":[{"href":"https:\/\/quzu.az\/az\/wp-json\/wp\/v2\/product\/1467","targetHints":{"allow":["GET"]}}],"collection":[{"href":"https:\/\/quzu.az\/az\/wp-json\/wp\/v2\/product"}],"about":[{"href":"https:\/\/quzu.az\/az\/wp-json\/wp\/v2\/types\/product"}],"version-history":[{"count":1,"href":"https:\/\/quzu.az\/az\/wp-json\/wp\/v2\/product\/1467\/revisions"}],"predecessor-version":[{"id":2019,"href":"https:\/\/quzu.az\/az\/wp-json\/wp\/v2\/product\/1467\/revisions\/2019"}],"wp:featuredmedia":[{"embeddable":true,"href":"https:\/\/quzu.az\/az\/wp-json\/wp\/v2\/media\/988"}],"wp:attachment":[{"href":"https:\/\/quzu.az\/az\/wp-json\/wp\/v2\/media?parent=1467"}],"wp:term":[{"taxonomy":"product_cat","embeddable":true,"href":"https:\/\/quzu.az\/az\/wp-json\/wp\/v2\/product_cat?post=1467"},{"taxonomy":"product_tag","embeddable":true,"href":"https:\/\/quzu.az\/az\/wp-json\/wp\/v2\/product_tag?post=1467"}],"curies":[{"name":"wp","href":"https:\/\/api.w.org\/{rel}","templated":true}]}}